{"id":1791,"date":"2018-11-23T16:29:10","date_gmt":"2018-11-23T16:29:10","guid":{"rendered":"http:\/\/logure.desarrolloscode.com\/politica-privacidad\/"},"modified":"2019-02-21T15:12:01","modified_gmt":"2019-02-21T15:12:01","slug":"politica-privacidad","status":"publish","type":"page","link":"http:\/\/www.logure.com\/eu\/politica-privacidad\/","title":{"rendered":"Pribatutasun Politika"},"content":{"rendered":"<h2><strong>POL\u00cdTICA DE PRIVACIDAD<\/strong><\/h2>\n<p>Logure.com para proteger los derechos individuales, sobre todo en relaci\u00f3n con los tratamientos autorizados y con voluntad de ser transparentes con el Usuario ha establecido una pol\u00edtica que recoge el conjunto de dichos tratamientos, los fines perseguidos por estos \u00faltimos, la legitimidad de los mismos y tambi\u00e9n los instrumentos a disposici\u00f3n del Usuario para que pueda ejercer sus derechos.<\/p>\n<p>La navegaci\u00f3n en este sitio web implica la total aceptaci\u00f3n de las siguientes disposiciones y condiciones de utilizaci\u00f3n. Se aceptar\u00e1 la utilizaci\u00f3n de cookies. En caso de no estar de acuerdo env\u00eda un correo electr\u00f3nico a iogure@logure.com<\/p>\n<p>La versi\u00f3n actualizada de esta pol\u00edtica de privacidad es la \u00fanica aplicable durante la duraci\u00f3n del uso del sitio web hasta que no haya otra versi\u00f3n que la sustituya.<\/p>\n<p>Para una m\u00e1s informaci\u00f3n complementaria sobre la protecci\u00f3n de datos personales te invitamos a consultar la p\u00e1gina web de la AEPD (Agencia Espa\u00f1ola de Protecci\u00f3n de Datos) https: \/\/www.agpd.es\/portalwebAGPD\/index-ides-idphp.php<\/p>\n<p>&nbsp;<\/p>\n<p><strong>RECOGIDA DE DATOS<\/strong><\/p>\n<p>Tus datos son recogidos por Logure<\/p>\n<p>Un dato de car\u00e1cter personal se refiere a toda la informaci\u00f3n referida a una persona f\u00edsica identificable (persona afectada). Se entiende como identificable una persona que pueda ser identificada, directa o indirectamente, sobre todo por referencia a un nombre, un n\u00famero de identificaci\u00f3n ( DNI, NIF, NIE, pasaporte) o a uno o varios elementos espec\u00edficos.<\/p>\n<p>&nbsp;<\/p>\n<p><strong>\u00bfCON QU\u00c9 FINALIDAD SE TRATAN TUS DATOS PERSONALES?<\/strong><\/p>\n<p>La finalidad del tratamiento de los datos personales que se puedan recoger son usarlos principalmente por el titular para la gesti\u00f3n de su relaci\u00f3n contigo, poder ofrecerte productos y servicios de acuerdo con tus intereses, mejorar tu experiencia de usuario y en su caso para el tratamiento de sus solicitudes, peticiones o pedidos. Se elaborar\u00e1 un perfil comercial en base a la informaci\u00f3n que le facilites. No se realizar\u00e1n decisiones automatizadas en base a dicho perfil.<\/p>\n<p>Los datos proporcionados se conservar\u00e1n mientras se mantenga la relaci\u00f3n comercial siempre que no se solicite por el interesado su supresi\u00f3n o durante los a\u00f1os necesario para cumplir las obligaciones legales.<\/p>\n<p>Se registrar\u00e1n el fichero de cliente y su tratamiento quedara registrado en el registro de tratamiento que debe llevar Logure( antes del 25 de mayo 2018 tambi\u00e9n podr\u00eda estar incluido en el fichero elaborado con los datos personales registrado en la AEPD ( Agencia Espa\u00f1ola de Protecci\u00f3n de datos) u \u00f3rgano comp\u00e9tete de las respectiva Comunidad aut\u00f3noma).<\/p>\n<p><strong>\u00a0<\/strong><strong>\u00bfC\u00daAL ES LA LEGITIMACI\u00d3N PARA ES TRATAMIENTO DE TUS DATOS?<\/strong><\/p>\n<p>La base legal para el tratamiento de tus datos personales es:<\/p>\n<ul>\n<li>La correcta ejecuci\u00f3n o cumplimiento del contrato.<\/li>\n<li>El inter\u00e9s leg\u00edtimo del Titular.<\/li>\n<li>El consentimiento del usuario o cliente para el tratamiento de sus datos.<\/li>\n<\/ul>\n<p><strong>\u00a0<\/strong><\/p>\n<p><strong>\u00bfA QU\u00c9 DESTINATARIOS SE COMUNICAR\u00c1N LOS DATOS?<\/strong><\/p>\n<p>Los datos personales del Usuario podr\u00e1n eventualmente ser comunicados a terceros relacionados con el titular por contrato para la realizaci\u00f3n de las tareas necesarias para la gesti\u00f3n de su cuenta como cliente y sin que tenga que dar su autorizaci\u00f3n.<\/p>\n<p>Tambi\u00e9n cuando tuvieran que hacerse comunicaciones a las autoridades en\u00a0 caso de que el Usuario huevar realizado acciones contrarias a la Ley o incumplido el contenido del aviso legal.<\/p>\n<p>Los datos del Usuario podr\u00e1n comunicarse a otras empresas del grupo si las hubiese para fines administrativos internos que podr\u00edan suponer un tratamiento de estos datos.<\/p>\n<p>Los datos personales del Usuario podr\u00e1n transferirse a un tercer pa\u00eds o a una organizaci\u00f3n internacional, pero se le deber\u00e1 informar cuando se vaya a producir esa transferencia, y de lsa condiciones de la misma y del destinatario.<\/p>\n<p>Cuando algunos datos sean obligatorios para acceder a funcionalidades concretas del sitio web, el titular indicar\u00e1 dicho car\u00e1cter obligatorio en el momento de la recogida de datos del usuario.<\/p>\n<p><strong>COOKIES<\/strong><\/p>\n<p>Al navegar por este sitio, las cookies del titular del sitio en cuesti\u00f3n y \/ o de las compa\u00f1\u00edas de terceros, pueden depositarse en su ordenador, Tablet o tel\u00e9fono m\u00f3vil. Durante la primera navegaci\u00f3n aparecer\u00e1 un banner explicativo sobre el uso de cookies.<\/p>\n<p>Por lo tanto, al continuar la navegaci\u00f3n, el Usuario ser\u00e1 considerado como informado y habr\u00e1 aceptado el uso de dichas cookies. El consentimiento otorgado ser\u00e1 v\u00e1lido por un per\u00edodo de trece meses.<\/p>\n<p>Para una mayor informaci\u00f3n consulte nuestra pol\u00edtica de cookies.<\/p>\n<p><strong>DERECHOS DEL USUARIO<\/strong><\/p>\n<p>Se informa al usuario de la posibilidad de ejercer sus derechos de acceso, rectificaci\u00f3n , cancelaci\u00f3n y oposici\u00f3n. Tambi\u00e9n cada persona dispone del derecho de la limitaci\u00f3n del tratamiento relativo a su persona, de un derecho de eliminaci\u00f3n de transferencia de datos personales transmitidos al responsable del tratamiento y del derecho a la portabilidad de sus datos.<\/p>\n<p>El usuario es responsable de que la informaci\u00f3n que proporcione a trav\u00e9s de esta p\u00e1gina web sea cierta, respondiendo de la exactitud de todos los datos que comunique y mantendr\u00e1 actualizada la misma para que reflejen una situaci\u00f3n, rea, siendo responsable de informaciones falsas o inexactas que proporcione y de los da\u00f1os, molestias y problemas que pudieran causa a Logure o terceros.<\/p>\n<p>Esa informaci\u00f3n ser\u00e1 guardada y gestionada con la debida confidencialidad, aplicando las medidas de seguridad inform\u00e1ticas necesarias para impedir el acceso o uso indebido de sus datos, su manipulaci\u00f3n, deterioro o perdida.<\/p>\n<p>No obstante, el usuario debe tener en cuenta que la seguridad de los sistemas inform\u00e1ticos nunca es absoluta. Cuando se facilitan satos personales por internet dicha informaci\u00f3n pudiera ser recogida sin su consentimiento y trata por terceros no autorizados.<\/p>\n<p>Logure\u00a0 declina cualquier tipo de responsabilidad sobre las consecuencias de esos actos puedan tener para el usuario, si public\u00f3 la informaci\u00f3n voluntariamente.<\/p>\n<p>Podr\u00e1 acceder y ejercitar esos derechos mediante solicitud por escrito y firmada que podr\u00e1 ser enviada al domicilio <i>Barrio Artzubiaga, 20740 Zestoa- Gipuzkoa<\/i>\u00a0adjuntando fotocopia del DNI o documento equivalente.<\/p>\n<p>Tambi\u00e9n podr\u00e1 ser enviada la solicitud al siguiente correo : logure@logure.com<\/p>\n<p>Para tu informaci\u00f3n te indicamos que el delegado de protecci\u00f3n es L. Izeta<\/p>\n<p>Estos derechos ser\u00e1n atendidos, en el plazo de 1 mes que podr\u00e1 ampliarse a 2 meses si la complejidad de la solicitud o n\u00famero de solicitudes recibidas as\u00ed lo exige. Todo ello sin perjuicio del deber de conservar ciertos datos en los t\u00e9rminos legales y hasta que prescriban las posibles responsabilidades derivadas de un posible tratamiento, o , en su caso de una relaci\u00f3n contractual.<\/p>\n<p>Adem\u00e1s de lo anterior, y en relaci\u00f3n con la normativa de protecci\u00f3n de datos, los usuarios que lo soliciten, tienen la posibilidad de organizar el destino de sus datos despu\u00e9s de su fallecimiento.<\/p>\n<p>&nbsp;<\/p>\n<p>&nbsp;<\/p>\n<p>&nbsp;<\/p>\n<p>&nbsp;<\/p>\n","protected":false},"excerpt":{"rendered":"<p>POL\u00cdTICA DE PRIVACIDAD Logure.com para proteger los derechos individuales, sobre todo en relaci\u00f3n con los tratamientos autorizados y con voluntad de ser transparentes con el Usuario ha establecido una pol\u00edtica que recoge el conjunto de dichos tratamientos, los fines perseguidos por estos \u00faltimos, la legitimidad de los mismos y tambi\u00e9n los instrumentos a disposici\u00f3n del [&hellip;]<\/p>\n","protected":false},"author":3,"featured_media":0,"parent":0,"menu_order":0,"comment_status":"closed","ping_status":"open","template":"","meta":{"_et_pb_use_builder":"","_et_pb_old_content":"","_et_gb_content_width":"","footnotes":""},"class_list":["post-1791","page","type-page","status-publish","hentry"],"yoast_head":"<!-- This site is optimized with the Yoast SEO plugin v27.4 - https:\/\/yoast.com\/product\/yoast-seo-wordpress\/ -->\n<title>Ohentzako burnizko osagaiak<\/title>\n<meta name=\"description\" content=\"Logure, expertos en descanso en Gipuzkoa.\" \/>\n<meta name=\"robots\" content=\"index, follow, max-snippet:-1, max-image-preview:large, max-video-preview:-1\" \/>\n<link rel=\"canonical\" href=\"http:\/\/www.logure.com\/eu\/politica-privacidad\/\" \/>\n<meta property=\"og:locale\" content=\"eu_ES\" \/>\n<meta property=\"og:type\" content=\"article\" \/>\n<meta property=\"og:title\" content=\"Ohentzako burnizko osagaiak\" \/>\n<meta property=\"og:description\" content=\"Logure, expertos en descanso en Gipuzkoa.\" \/>\n<meta property=\"og:url\" content=\"http:\/\/www.logure.com\/eu\/politica-privacidad\/\" \/>\n<meta property=\"og:site_name\" content=\"Logure\" \/>\n<meta property=\"article:publisher\" content=\"https:\/\/www.facebook.com\/Logure-Koltxoiak-eta-atsedengaiak-Colchones-y-productos-de-descanso-1692598460844310\/\" \/>\n<meta property=\"article:modified_time\" content=\"2019-02-21T15:12:01+00:00\" \/>\n<meta name=\"twitter:card\" content=\"summary_large_image\" \/>\n<meta name=\"twitter:label1\" content=\"Est. reading time\" \/>\n\t<meta name=\"twitter:data1\" content=\"6 minutes\" \/>\n<script type=\"application\/ld+json\" class=\"yoast-schema-graph\">{\"@context\":\"https:\\\/\\\/schema.org\",\"@graph\":[{\"@type\":\"WebPage\",\"@id\":\"http:\\\/\\\/www.logure.com\\\/eu\\\/politica-privacidad\\\/\",\"url\":\"http:\\\/\\\/www.logure.com\\\/eu\\\/politica-privacidad\\\/\",\"name\":\"Ohentzako burnizko osagaiak\",\"isPartOf\":{\"@id\":\"https:\\\/\\\/www.logure.com\\\/#website\"},\"datePublished\":\"2018-11-23T16:29:10+00:00\",\"dateModified\":\"2019-02-21T15:12:01+00:00\",\"description\":\"Logure, expertos en descanso en Gipuzkoa.\",\"breadcrumb\":{\"@id\":\"http:\\\/\\\/www.logure.com\\\/eu\\\/politica-privacidad\\\/#breadcrumb\"},\"inLanguage\":\"eu-ES\",\"potentialAction\":[{\"@type\":\"ReadAction\",\"target\":[\"http:\\\/\\\/www.logure.com\\\/eu\\\/politica-privacidad\\\/\"]}]},{\"@type\":\"BreadcrumbList\",\"@id\":\"http:\\\/\\\/www.logure.com\\\/eu\\\/politica-privacidad\\\/#breadcrumb\",\"itemListElement\":[{\"@type\":\"ListItem\",\"position\":1,\"name\":\"Portada\",\"item\":\"http:\\\/\\\/www.logure.com\\\/eu\\\/\"},{\"@type\":\"ListItem\",\"position\":2,\"name\":\"Pribatutasun Politika\"}]},{\"@type\":\"WebSite\",\"@id\":\"https:\\\/\\\/www.logure.com\\\/#website\",\"url\":\"https:\\\/\\\/www.logure.com\\\/\",\"name\":\"Logure\",\"description\":\"Tus sue\u00f1os en los mejores manos\",\"publisher\":{\"@id\":\"https:\\\/\\\/www.logure.com\\\/#organization\"},\"potentialAction\":[{\"@type\":\"SearchAction\",\"target\":{\"@type\":\"EntryPoint\",\"urlTemplate\":\"https:\\\/\\\/www.logure.com\\\/?s={search_term_string}\"},\"query-input\":{\"@type\":\"PropertyValueSpecification\",\"valueRequired\":true,\"valueName\":\"search_term_string\"}}],\"inLanguage\":\"eu-ES\"},{\"@type\":\"Organization\",\"@id\":\"https:\\\/\\\/www.logure.com\\\/#organization\",\"name\":\"Logure\",\"url\":\"https:\\\/\\\/www.logure.com\\\/\",\"logo\":{\"@type\":\"ImageObject\",\"inLanguage\":\"eu-ES\",\"@id\":\"https:\\\/\\\/www.logure.com\\\/#\\\/schema\\\/logo\\\/image\\\/\",\"url\":\"http:\\\/\\\/www.logure.com\\\/wp-content\\\/uploads\\\/2018\\\/11\\\/LOGURE-LOGO-TRANSP.png\",\"contentUrl\":\"http:\\\/\\\/www.logure.com\\\/wp-content\\\/uploads\\\/2018\\\/11\\\/LOGURE-LOGO-TRANSP.png\",\"width\":350,\"height\":200,\"caption\":\"Logure\"},\"image\":{\"@id\":\"https:\\\/\\\/www.logure.com\\\/#\\\/schema\\\/logo\\\/image\\\/\"},\"sameAs\":[\"https:\\\/\\\/www.facebook.com\\\/Logure-Koltxoiak-eta-atsedengaiak-Colchones-y-productos-de-descanso-1692598460844310\\\/\"]}]}<\/script>\n<!-- \/ Yoast SEO plugin. -->","yoast_head_json":{"title":"Ohentzako burnizko osagaiak","description":"Logure, expertos en descanso en Gipuzkoa.","robots":{"index":"index","follow":"follow","max-snippet":"max-snippet:-1","max-image-preview":"max-image-preview:large","max-video-preview":"max-video-preview:-1"},"canonical":"http:\/\/www.logure.com\/eu\/politica-privacidad\/","og_locale":"eu_ES","og_type":"article","og_title":"Ohentzako burnizko osagaiak","og_description":"Logure, expertos en descanso en Gipuzkoa.","og_url":"http:\/\/www.logure.com\/eu\/politica-privacidad\/","og_site_name":"Logure","article_publisher":"https:\/\/www.facebook.com\/Logure-Koltxoiak-eta-atsedengaiak-Colchones-y-productos-de-descanso-1692598460844310\/","article_modified_time":"2019-02-21T15:12:01+00:00","twitter_card":"summary_large_image","twitter_misc":{"Est. reading time":"6 minutes"},"schema":{"@context":"https:\/\/schema.org","@graph":[{"@type":"WebPage","@id":"http:\/\/www.logure.com\/eu\/politica-privacidad\/","url":"http:\/\/www.logure.com\/eu\/politica-privacidad\/","name":"Ohentzako burnizko osagaiak","isPartOf":{"@id":"https:\/\/www.logure.com\/#website"},"datePublished":"2018-11-23T16:29:10+00:00","dateModified":"2019-02-21T15:12:01+00:00","description":"Logure, expertos en descanso en Gipuzkoa.","breadcrumb":{"@id":"http:\/\/www.logure.com\/eu\/politica-privacidad\/#breadcrumb"},"inLanguage":"eu-ES","potentialAction":[{"@type":"ReadAction","target":["http:\/\/www.logure.com\/eu\/politica-privacidad\/"]}]},{"@type":"BreadcrumbList","@id":"http:\/\/www.logure.com\/eu\/politica-privacidad\/#breadcrumb","itemListElement":[{"@type":"ListItem","position":1,"name":"Portada","item":"http:\/\/www.logure.com\/eu\/"},{"@type":"ListItem","position":2,"name":"Pribatutasun Politika"}]},{"@type":"WebSite","@id":"https:\/\/www.logure.com\/#website","url":"https:\/\/www.logure.com\/","name":"Logure","description":"Tus sue\u00f1os en los mejores manos","publisher":{"@id":"https:\/\/www.logure.com\/#organization"},"potentialAction":[{"@type":"SearchAction","target":{"@type":"EntryPoint","urlTemplate":"https:\/\/www.logure.com\/?s={search_term_string}"},"query-input":{"@type":"PropertyValueSpecification","valueRequired":true,"valueName":"search_term_string"}}],"inLanguage":"eu-ES"},{"@type":"Organization","@id":"https:\/\/www.logure.com\/#organization","name":"Logure","url":"https:\/\/www.logure.com\/","logo":{"@type":"ImageObject","inLanguage":"eu-ES","@id":"https:\/\/www.logure.com\/#\/schema\/logo\/image\/","url":"http:\/\/www.logure.com\/wp-content\/uploads\/2018\/11\/LOGURE-LOGO-TRANSP.png","contentUrl":"http:\/\/www.logure.com\/wp-content\/uploads\/2018\/11\/LOGURE-LOGO-TRANSP.png","width":350,"height":200,"caption":"Logure"},"image":{"@id":"https:\/\/www.logure.com\/#\/schema\/logo\/image\/"},"sameAs":["https:\/\/www.facebook.com\/Logure-Koltxoiak-eta-atsedengaiak-Colchones-y-productos-de-descanso-1692598460844310\/"]}]}},"_links":{"self":[{"href":"http:\/\/www.logure.com\/eu\/wp-json\/wp\/v2\/pages\/1791\/"}],"collection":[{"href":"http:\/\/www.logure.com\/eu\/wp-json\/wp\/v2\/pages\/"}],"about":[{"href":"http:\/\/www.logure.com\/eu\/wp-json\/wp\/v2\/types\/page\/"}],"author":[{"embeddable":true,"href":"http:\/\/www.logure.com\/eu\/wp-json\/wp\/v2\/users\/3\/"}],"replies":[{"embeddable":true,"href":"http:\/\/www.logure.com\/eu\/wp-json\/wp\/v2\/comments\/?post=1791"}],"version-history":[{"count":1,"href":"http:\/\/www.logure.com\/eu\/wp-json\/wp\/v2\/pages\/1791\/revisions\/"}],"predecessor-version":[{"id":1792,"href":"http:\/\/www.logure.com\/eu\/wp-json\/wp\/v2\/pages\/1791\/revisions\/1792\/"}],"wp:attachment":[{"href":"http:\/\/www.logure.com\/eu\/wp-json\/wp\/v2\/media\/?parent=1791"}],"curies":[{"name":"wp","href":"https:\/\/api.w.org\/{rel}","templated":true}]}}